{"id":4086,"date":"2025-02-07T10:33:33","date_gmt":"2025-02-07T09:33:33","guid":{"rendered":"https:\/\/clubkesho.org\/?page_id=4086"},"modified":"2025-02-17T19:50:58","modified_gmt":"2025-02-17T18:50:58","slug":"mot-du-president","status":"publish","type":"page","link":"https:\/\/clubkesho.org\/index.php\/mot-du-president\/","title":{"rendered":"Mot du Pr\u00e9sident"},"content":{"rendered":"<p><div class=\"fusion-fullwidth fullwidth-box fusion-builder-row-1 fusion-flex-container has-pattern-background has-mask-background nonhundred-percent-fullwidth non-hundred-percent-height-scrolling fusion-no-small-visibility\" style=\"--awb-border-radius-top-left:0px;--awb-border-radius-top-right:0px;--awb-border-radius-bottom-right:0px;--awb-border-radius-bottom-left:0px;--awb-flex-wrap:wrap;\" ><div class=\"fusion-builder-row fusion-row fusion-flex-align-items-flex-start fusion-flex-content-wrap\" style=\"max-width:1372.8px;margin-left: calc(-4% \/ 2 );margin-right: calc(-4% \/ 2 );\"><div class=\"fusion-layout-column fusion_builder_column fusion-builder-column-0 fusion_builder_column_1_1 1_1 fusion-flex-column fusion-no-small-visibility\" style=\"--awb-bg-size:cover;--awb-width-large:100%;--awb-margin-top-large:0px;--awb-spacing-right-large:1.92%;--awb-margin-bottom-large:20px;--awb-spacing-left-large:1.92%;--awb-width-medium:100%;--awb-order-medium:0;--awb-spacing-right-medium:1.92%;--awb-spacing-left-medium:1.92%;--awb-width-small:100%;--awb-order-small:0;--awb-spacing-right-small:1.92%;--awb-spacing-left-small:1.92%;\" data-scroll-devices=\"small-visibility,medium-visibility,large-visibility\"><div class=\"fusion-column-wrapper fusion-column-has-shadow fusion-flex-justify-content-flex-start fusion-content-layout-column\"><div class=\"fusion-title title fusion-title-1 fusion-sep-none fusion-title-text fusion-title-size-one\"><h1 class=\"fusion-title-heading title-heading-left\" style=\"margin:0;\"><h1 style=\"text-align: center;\">Mot du Pr\u00e9sident<\/h1><\/h1><\/div><\/div><\/div><\/div><\/div><div class=\"fusion-fullwidth fullwidth-box fusion-builder-row-2 fusion-flex-container has-pattern-background has-mask-background nonhundred-percent-fullwidth non-hundred-percent-height-scrolling fusion-no-medium-visibility fusion-no-large-visibility\" style=\"--awb-border-radius-top-left:0px;--awb-border-radius-top-right:0px;--awb-border-radius-bottom-right:0px;--awb-border-radius-bottom-left:0px;--awb-flex-wrap:wrap;\" ><div class=\"fusion-builder-row fusion-row fusion-flex-align-items-flex-start fusion-flex-content-wrap\" style=\"max-width:1372.8px;margin-left: calc(-4% \/ 2 );margin-right: calc(-4% \/ 2 );\"><div class=\"fusion-layout-column fusion_builder_column fusion-builder-column-1 fusion_builder_column_1_1 1_1 fusion-flex-column fusion-no-medium-visibility fusion-no-large-visibility\" style=\"--awb-bg-size:cover;--awb-width-large:100%;--awb-margin-top-large:0px;--awb-spacing-right-large:1.92%;--awb-margin-bottom-large:20px;--awb-spacing-left-large:1.92%;--awb-width-medium:100%;--awb-order-medium:0;--awb-spacing-right-medium:1.92%;--awb-spacing-left-medium:1.92%;--awb-width-small:100%;--awb-order-small:0;--awb-spacing-right-small:1.92%;--awb-spacing-left-small:1.92%;\" data-scroll-devices=\"small-visibility,medium-visibility,large-visibility\"><div class=\"fusion-column-wrapper fusion-column-has-shadow fusion-flex-justify-content-flex-start fusion-content-layout-column\"><div class=\"fusion-title title fusion-title-2 fusion-no-medium-visibility fusion-no-large-visibility fusion-sep-none fusion-title-text fusion-title-size-three\"><h3 class=\"fusion-title-heading title-heading-left\" style=\"margin:0;\"><h3 style=\"text-align: center;\">Mot du Pr\u00e9sident<\/h3><\/h3><\/div><\/div><\/div><\/div><\/div><div class=\"fusion-fullwidth fullwidth-box fusion-builder-row-3 fusion-flex-container has-pattern-background has-mask-background nonhundred-percent-fullwidth non-hundred-percent-height-scrolling\" style=\"--awb-border-radius-top-left:0px;--awb-border-radius-top-right:0px;--awb-border-radius-bottom-right:0px;--awb-border-radius-bottom-left:0px;--awb-flex-wrap:wrap;\" ><div class=\"fusion-builder-row fusion-row fusion-flex-align-items-flex-start fusion-flex-content-wrap\" style=\"max-width:1372.8px;margin-left: calc(-4% \/ 2 );margin-right: calc(-4% \/ 2 );\"><div class=\"fusion-layout-column fusion_builder_column fusion-builder-column-2 fusion_builder_column_1_3 1_3 fusion-flex-column\" style=\"--awb-bg-size:cover;--awb-width-large:33.333333333333%;--awb-margin-top-large:0px;--awb-spacing-right-large:5.76%;--awb-margin-bottom-large:20px;--awb-spacing-left-large:5.76%;--awb-width-medium:33.333333333333%;--awb-order-medium:0;--awb-spacing-right-medium:5.76%;--awb-spacing-left-medium:5.76%;--awb-width-small:100%;--awb-order-small:0;--awb-spacing-right-small:1.92%;--awb-spacing-left-small:1.92%;\"><div class=\"fusion-column-wrapper fusion-column-has-shadow fusion-flex-justify-content-flex-start fusion-content-layout-column\"><div class=\"fusion-image-element \" style=\"--awb-caption-title-font-family:var(--h2_typography-font-family);--awb-caption-title-font-weight:var(--h2_typography-font-weight);--awb-caption-title-font-style:var(--h2_typography-font-style);--awb-caption-title-size:var(--h2_typography-font-size);--awb-caption-title-transform:var(--h2_typography-text-transform);--awb-caption-title-line-height:var(--h2_typography-line-height);--awb-caption-title-letter-spacing:var(--h2_typography-letter-spacing);\"><span class=\" fusion-imageframe imageframe-none imageframe-1 hover-type-none\"><img fetchpriority=\"high\" fetchpriority=\"high\" decoding=\"async\" width=\"1000\" height=\"667\" title=\"Kesho-1 (1)\" src=\"https:\/\/clubkesho.org\/wp-content\/uploads\/2025\/02\/Kesho-1-1.jpg\" data-orig-src=\"https:\/\/clubkesho.org\/wp-content\/uploads\/2025\/02\/Kesho-1-1.jpg\" alt class=\"lazyload img-responsive wp-image-4090\" srcset=\"data:image\/svg+xml,%3Csvg%20xmlns%3D%27http%3A%2F%2Fwww.w3.org%2F2000%2Fsvg%27%20width%3D%271000%27%20height%3D%27667%27%20viewBox%3D%270%200%201000%20667%27%3E%3Crect%20width%3D%271000%27%20height%3D%27667%27%20fill-opacity%3D%220%22%2F%3E%3C%2Fsvg%3E\" data-srcset=\"https:\/\/clubkesho.org\/wp-content\/uploads\/2025\/02\/Kesho-1-1-200x133.jpg 200w, https:\/\/clubkesho.org\/wp-content\/uploads\/2025\/02\/Kesho-1-1-400x267.jpg 400w, https:\/\/clubkesho.org\/wp-content\/uploads\/2025\/02\/Kesho-1-1-600x400.jpg 600w, https:\/\/clubkesho.org\/wp-content\/uploads\/2025\/02\/Kesho-1-1-800x534.jpg 800w, https:\/\/clubkesho.org\/wp-content\/uploads\/2025\/02\/Kesho-1-1.jpg 1000w\" data-sizes=\"auto\" data-orig-sizes=\"(max-width: 850px) 100vw, 400px\" \/><\/span><\/div><\/div><\/div><div class=\"fusion-layout-column fusion_builder_column fusion-builder-column-3 fusion_builder_column_2_3 2_3 fusion-flex-column\" style=\"--awb-bg-size:cover;--awb-width-large:66.666666666667%;--awb-margin-top-large:0px;--awb-spacing-right-large:2.88%;--awb-margin-bottom-large:20px;--awb-spacing-left-large:2.88%;--awb-width-medium:66.666666666667%;--awb-order-medium:0;--awb-spacing-right-medium:2.88%;--awb-spacing-left-medium:2.88%;--awb-width-small:100%;--awb-order-small:0;--awb-spacing-right-small:1.92%;--awb-spacing-left-small:1.92%;\"><div class=\"fusion-column-wrapper fusion-column-has-shadow fusion-flex-justify-content-flex-start fusion-content-layout-column\"><div class=\"fusion-text fusion-text-1\"><p>L\u2019int\u00e9gration des afrop\u00e9en-e-s par le travail est essentielle.<\/p>\n<p>Le Club Kesho repr\u00e9sente une v\u00e9ritable source d\u2019espoir pour de nombreuses personnes, en leur offrant des mod\u00e8les inspirants et diversifi\u00e9s, au-del\u00e0 des figures habituelles telles que les chanteurs ou les sportifs.<\/p>\n<p>Nous leur montrons qu\u2019il est possible de r\u00e9ussir dans le monde professionnel et de devenir des acteurs du changement.<\/p>\n<\/div><\/div><\/div><\/div><\/div><div class=\"fusion-fullwidth fullwidth-box fusion-builder-row-4 fusion-flex-container has-pattern-background has-mask-background nonhundred-percent-fullwidth non-hundred-percent-height-scrolling\" style=\"--awb-border-radius-top-left:0px;--awb-border-radius-top-right:0px;--awb-border-radius-bottom-right:0px;--awb-border-radius-bottom-left:0px;--awb-flex-wrap:wrap;\" ><div class=\"fusion-builder-row fusion-row fusion-flex-align-items-flex-start fusion-flex-content-wrap\" style=\"max-width:1372.8px;margin-left: calc(-4% \/ 2 );margin-right: calc(-4% \/ 2 );\"><div class=\"fusion-layout-column fusion_builder_column fusion-builder-column-4 fusion_builder_column_1_1 1_1 fusion-flex-column\" style=\"--awb-bg-size:cover;--awb-width-large:100%;--awb-margin-top-large:0px;--awb-spacing-right-large:1.92%;--awb-margin-bottom-large:20px;--awb-spacing-left-large:1.92%;--awb-width-medium:100%;--awb-order-medium:0;--awb-spacing-right-medium:1.92%;--awb-spacing-left-medium:1.92%;--awb-width-small:100%;--awb-order-small:0;--awb-spacing-right-small:1.92%;--awb-spacing-left-small:1.92%;\"><div class=\"fusion-column-wrapper fusion-column-has-shadow fusion-flex-justify-content-flex-start fusion-content-layout-column\"><div class=\"fusion-text fusion-text-2\"><h3>Un exploit collectif<\/h3>\n<p>Nous avons r\u00e9ussi \u00e0 f\u00e9d\u00e9rer plusieurs clubs issus de grandes entreprises internationales en moins de deux ans, autour d\u2019une philosophie forte et engageante : <strong>promouvoir l\u2019inclusion des professionnels de la diaspora afrop\u00e9en-e-s<\/strong>. Cet accomplissement t\u00e9moigne de notre capacit\u00e9 \u00e0 b\u00e2tir des ponts entre les organisations et \u00e0 unir nos forces pour une cause commune.<\/p>\n<p>Elle s\u2019est traduite par la mobilisation du top management de nos entreprises pour avoir des discussions ouvertes sous format de table ronde afin de les pousser \u00e0 la r\u00e9flexion et de les sensibiliser sur l\u2019importance de mettre en place en interne des actions\/politiques concr\u00e8tes favorisant plus de diversit\u00e9 et une meilleure valorisation des profils issus de la diversit\u00e9 pour des postes \u00e0 responsabilit\u00e9 et pour en finir avec le plafond de verre.<\/p>\n<h3>Soutien aux profils issus de la diversit\u00e9<\/h3>\n<p>Un autre de nos accomplissements majeurs est l\u2019int\u00e9gration des talents issus de la diversit\u00e9 (stage de 3\u00e8me, stage, \u00e9change des CV, etc.). Cet engagement refl\u00e8te notre ambition d\u2019accompagner les talents, notamment ceux issus de la diversit\u00e9, pour leur offrir des opportunit\u00e9s concr\u00e8tes et valoriser leur potentiel en entreprise. Ils peuvent \u00eatre ces acteurs essentiels pour le renouvellement de rapports entre l\u2019Afrique et la France au sein de nos entreprises.<\/p>\n<p><strong>L\u2019enqu\u00eate sur la perception des trajectoires de carri\u00e8re et de l\u2019\u00e9galit\u00e9 des chances<\/strong> en fonction des origines des salari\u00e9s et le souhait de mettre en avant un diagnostic, pour sensibiliser nos entreprises \u00e0 la mesure de l\u2019inclusion et de la diversit\u00e9 et pour objectiver les enjeux li\u00e9s \u00e0 ces sujets (data).<br \/>\nSoyons le changement que nous voulons dans le monde, partout en tout temps et m\u00eame en entreprise.<\/p>\n<p>Ben-Hur Kabengele<br \/>\nPr\u00e9sident du Club Kesho<\/p>\n<\/div><\/div><\/div><\/div><\/div><\/p>\n","protected":false},"excerpt":{"rendered":"","protected":false},"author":3,"featured_media":0,"parent":0,"menu_order":0,"comment_status":"closed","ping_status":"closed","template":"","meta":{"footnotes":""},"class_list":["post-4086","page","type-page","status-publish","hentry"],"yoast_head":"<!-- This site is optimized with the Yoast SEO plugin v27.4 - https:\/\/yoast.com\/product\/yoast-seo-wordpress\/ -->\n<title>Mot du Pr\u00e9sident - Club Kesho<\/title>\n<meta name=\"robots\" content=\"index, follow, max-snippet:-1, max-image-preview:large, max-video-preview:-1\" \/>\n<link rel=\"canonical\" href=\"https:\/\/clubkesho.org\/index.php\/mot-du-president\/\" \/>\n<meta property=\"og:locale\" content=\"fr_FR\" \/>\n<meta property=\"og:type\" content=\"article\" \/>\n<meta property=\"og:title\" content=\"Mot du Pr\u00e9sident - Club Kesho\" \/>\n<meta property=\"og:url\" content=\"https:\/\/clubkesho.org\/index.php\/mot-du-president\/\" \/>\n<meta property=\"og:site_name\" content=\"Club Kesho\" \/>\n<meta property=\"article:modified_time\" content=\"2025-02-17T18:50:58+00:00\" \/>\n<meta property=\"og:image\" content=\"https:\/\/clubkesho.org\/wp-content\/uploads\/2024\/11\/logo-kesho.png\" \/>\n\t<meta property=\"og:image:width\" content=\"191\" \/>\n\t<meta property=\"og:image:height\" content=\"169\" \/>\n\t<meta property=\"og:image:type\" content=\"image\/png\" \/>\n<meta name=\"twitter:card\" content=\"summary_large_image\" \/>\n<meta name=\"twitter:label1\" content=\"Dur\u00e9e de lecture estim\u00e9e\" \/>\n\t<meta name=\"twitter:data1\" content=\"2 minutes\" \/>\n<script type=\"application\/ld+json\" class=\"yoast-schema-graph\">{\"@context\":\"https:\\\/\\\/schema.org\",\"@graph\":[{\"@type\":\"WebPage\",\"@id\":\"https:\\\/\\\/clubkesho.org\\\/index.php\\\/mot-du-president\\\/\",\"url\":\"https:\\\/\\\/clubkesho.org\\\/index.php\\\/mot-du-president\\\/\",\"name\":\"Mot du Pr\u00e9sident - Club Kesho\",\"isPartOf\":{\"@id\":\"https:\\\/\\\/clubkesho.org\\\/#website\"},\"datePublished\":\"2025-02-07T09:33:33+00:00\",\"dateModified\":\"2025-02-17T18:50:58+00:00\",\"breadcrumb\":{\"@id\":\"https:\\\/\\\/clubkesho.org\\\/index.php\\\/mot-du-president\\\/#breadcrumb\"},\"inLanguage\":\"fr-FR\",\"potentialAction\":[{\"@type\":\"ReadAction\",\"target\":[\"https:\\\/\\\/clubkesho.org\\\/index.php\\\/mot-du-president\\\/\"]}]},{\"@type\":\"BreadcrumbList\",\"@id\":\"https:\\\/\\\/clubkesho.org\\\/index.php\\\/mot-du-president\\\/#breadcrumb\",\"itemListElement\":[{\"@type\":\"ListItem\",\"position\":1,\"name\":\"Accueil\",\"item\":\"https:\\\/\\\/clubkesho.org\\\/\"},{\"@type\":\"ListItem\",\"position\":2,\"name\":\"Mot du Pr\u00e9sident\"}]},{\"@type\":\"WebSite\",\"@id\":\"https:\\\/\\\/clubkesho.org\\\/#website\",\"url\":\"https:\\\/\\\/clubkesho.org\\\/\",\"name\":\"Club Kesho\",\"description\":\"Le Club des clubs d&#039;entreprises des Diasporas africaines en France\",\"publisher\":{\"@id\":\"https:\\\/\\\/clubkesho.org\\\/#organization\"},\"potentialAction\":[{\"@type\":\"SearchAction\",\"target\":{\"@type\":\"EntryPoint\",\"urlTemplate\":\"https:\\\/\\\/clubkesho.org\\\/?s={search_term_string}\"},\"query-input\":{\"@type\":\"PropertyValueSpecification\",\"valueRequired\":true,\"valueName\":\"search_term_string\"}}],\"inLanguage\":\"fr-FR\"},{\"@type\":\"Organization\",\"@id\":\"https:\\\/\\\/clubkesho.org\\\/#organization\",\"name\":\"Club Kesho\",\"url\":\"https:\\\/\\\/clubkesho.org\\\/\",\"logo\":{\"@type\":\"ImageObject\",\"inLanguage\":\"fr-FR\",\"@id\":\"https:\\\/\\\/clubkesho.org\\\/#\\\/schema\\\/logo\\\/image\\\/\",\"url\":\"https:\\\/\\\/clubkesho.org\\\/wp-content\\\/uploads\\\/2024\\\/11\\\/logo-kesho.png\",\"contentUrl\":\"https:\\\/\\\/clubkesho.org\\\/wp-content\\\/uploads\\\/2024\\\/11\\\/logo-kesho.png\",\"width\":191,\"height\":169,\"caption\":\"Club Kesho\"},\"image\":{\"@id\":\"https:\\\/\\\/clubkesho.org\\\/#\\\/schema\\\/logo\\\/image\\\/\"}}]}<\/script>\n<!-- \/ Yoast SEO plugin. -->","yoast_head_json":{"title":"Mot du Pr\u00e9sident - Club Kesho","robots":{"index":"index","follow":"follow","max-snippet":"max-snippet:-1","max-image-preview":"max-image-preview:large","max-video-preview":"max-video-preview:-1"},"canonical":"https:\/\/clubkesho.org\/index.php\/mot-du-president\/","og_locale":"fr_FR","og_type":"article","og_title":"Mot du Pr\u00e9sident - Club Kesho","og_url":"https:\/\/clubkesho.org\/index.php\/mot-du-president\/","og_site_name":"Club Kesho","article_modified_time":"2025-02-17T18:50:58+00:00","og_image":[{"width":191,"height":169,"url":"https:\/\/clubkesho.org\/wp-content\/uploads\/2024\/11\/logo-kesho.png","type":"image\/png"}],"twitter_card":"summary_large_image","twitter_misc":{"Dur\u00e9e de lecture estim\u00e9e":"2 minutes"},"schema":{"@context":"https:\/\/schema.org","@graph":[{"@type":"WebPage","@id":"https:\/\/clubkesho.org\/index.php\/mot-du-president\/","url":"https:\/\/clubkesho.org\/index.php\/mot-du-president\/","name":"Mot du Pr\u00e9sident - Club Kesho","isPartOf":{"@id":"https:\/\/clubkesho.org\/#website"},"datePublished":"2025-02-07T09:33:33+00:00","dateModified":"2025-02-17T18:50:58+00:00","breadcrumb":{"@id":"https:\/\/clubkesho.org\/index.php\/mot-du-president\/#breadcrumb"},"inLanguage":"fr-FR","potentialAction":[{"@type":"ReadAction","target":["https:\/\/clubkesho.org\/index.php\/mot-du-president\/"]}]},{"@type":"BreadcrumbList","@id":"https:\/\/clubkesho.org\/index.php\/mot-du-president\/#breadcrumb","itemListElement":[{"@type":"ListItem","position":1,"name":"Accueil","item":"https:\/\/clubkesho.org\/"},{"@type":"ListItem","position":2,"name":"Mot du Pr\u00e9sident"}]},{"@type":"WebSite","@id":"https:\/\/clubkesho.org\/#website","url":"https:\/\/clubkesho.org\/","name":"Club Kesho","description":"Le Club des clubs d&#039;entreprises des Diasporas africaines en France","publisher":{"@id":"https:\/\/clubkesho.org\/#organization"},"potentialAction":[{"@type":"SearchAction","target":{"@type":"EntryPoint","urlTemplate":"https:\/\/clubkesho.org\/?s={search_term_string}"},"query-input":{"@type":"PropertyValueSpecification","valueRequired":true,"valueName":"search_term_string"}}],"inLanguage":"fr-FR"},{"@type":"Organization","@id":"https:\/\/clubkesho.org\/#organization","name":"Club Kesho","url":"https:\/\/clubkesho.org\/","logo":{"@type":"ImageObject","inLanguage":"fr-FR","@id":"https:\/\/clubkesho.org\/#\/schema\/logo\/image\/","url":"https:\/\/clubkesho.org\/wp-content\/uploads\/2024\/11\/logo-kesho.png","contentUrl":"https:\/\/clubkesho.org\/wp-content\/uploads\/2024\/11\/logo-kesho.png","width":191,"height":169,"caption":"Club Kesho"},"image":{"@id":"https:\/\/clubkesho.org\/#\/schema\/logo\/image\/"}}]}},"_links":{"self":[{"href":"https:\/\/clubkesho.org\/index.php\/wp-json\/wp\/v2\/pages\/4086","targetHints":{"allow":["GET"]}}],"collection":[{"href":"https:\/\/clubkesho.org\/index.php\/wp-json\/wp\/v2\/pages"}],"about":[{"href":"https:\/\/clubkesho.org\/index.php\/wp-json\/wp\/v2\/types\/page"}],"author":[{"embeddable":true,"href":"https:\/\/clubkesho.org\/index.php\/wp-json\/wp\/v2\/users\/3"}],"replies":[{"embeddable":true,"href":"https:\/\/clubkesho.org\/index.php\/wp-json\/wp\/v2\/comments?post=4086"}],"version-history":[{"count":16,"href":"https:\/\/clubkesho.org\/index.php\/wp-json\/wp\/v2\/pages\/4086\/revisions"}],"predecessor-version":[{"id":4089,"href":"https:\/\/clubkesho.org\/index.php\/wp-json\/wp\/v2\/pages\/4086\/revisions\/4089"}],"wp:attachment":[{"href":"https:\/\/clubkesho.org\/index.php\/wp-json\/wp\/v2\/media?parent=4086"}],"curies":[{"name":"wp","href":"https:\/\/api.w.org\/{rel}","templated":true}]}}